{"id":109,"date":"2018-06-11T21:29:09","date_gmt":"2018-06-11T21:29:09","guid":{"rendered":"http:\/\/nowotny-immobilien.de\/?page_id=109"},"modified":"2021-04-14T19:50:15","modified_gmt":"2021-04-14T19:50:15","slug":"dokumente","status":"publish","type":"page","link":"http:\/\/nowotny-immobilien.de\/?page_id=109","title":{"rendered":"DOKUMENTE"},"content":{"rendered":"<p>Sie sind interessiert an einem der angebotenen Mietobjekte? Dann stellen Sie hierf\u00fcr bitte folgende Unterlagen in Kopie oder per E-Mail vorab zur Sichtigung zur Verf\u00fcgung :<\/p>\n<ol>\n<li>Mietinteressentenbogen &#8211; Selbstauskunft (vollst\u00e4ndig ausgef\u00fcllt),<\/li>\n<li>Aktuelle ausf\u00fchrliche Schufa (nicht \u00e4lter als 3 Monate) bzw. Bonit\u00e4tsauskunft inkl. Basisscore,<\/li>\n<li>Ihre letzten drei Verdienstnachweise, letzte BWA bei Selbst\u00e4ndigen oder ggf. einen Auszug aus Ihrem neuen Arbeitsvertrag,<\/li>\n<li>Personalausweis (beidseitig),<\/li>\n<li>Vorvermieterbescheinigung,<\/li>\n<li>B\u00fcrgschaft, wenn notwendig (alle zuvor genannten Unterlagen ben\u00f6tigen wir auch vom B\u00fcrgen).<\/li>\n<\/ol>\n<p>Bitte beachten Sie hierf\u00fcr folgende Dokumente:<\/p>\n<p><a href=\"http:\/\/nowotny-immobilien.de\/wp-content\/uploads\/2020\/10\/Muster-Widerrufsformular.pdf\">Muster-Widerrufsformular<\/a><\/p>\n<p><a href=\"http:\/\/nowotny-immobilien.de\/wp-content\/uploads\/2020\/10\/Informationen-zum-Datenschutz-fuer-Interessenten.pdf\">Datenschutz f\u00fcr Interessenten<\/a><\/p>\n<p><a href=\"http:\/\/nowotny-immobilien.de\/wp-content\/uploads\/2021\/04\/Mietinteressentenbogen-Nowotny-Immobilien.pdf\">Mietinteressentenbogen Nowotny Immobilien<\/a><\/p>\n\n\n<p><\/p>\n","protected":false},"excerpt":{"rendered":"<p>Sie sind interessiert an einem der angebotenen Mietobjekte? Dann stellen Sie hierf\u00fcr bitte folgende Unterlagen in Kopie oder per E-Mail vorab zur Sichtigung zur Verf\u00fcgung : Mietinteressentenbogen &#8211; Selbstauskunft (vollst\u00e4ndig ausgef\u00fcllt), Aktuelle ausf\u00fchrliche Schufa (nicht \u00e4lter als 3 Monate) bzw. Bonit\u00e4tsauskunft inkl. Basisscore, Ihre letzten drei Verdienstnachweise, letzte BWA bei Selbst\u00e4ndigen oder ggf. einen Auszug [&hellip;]<\/p>\n","protected":false},"author":1,"featured_media":0,"parent":0,"menu_order":0,"comment_status":"closed","ping_status":"closed","template":"","meta":[],"_links":{"self":[{"href":"http:\/\/nowotny-immobilien.de\/index.php?rest_route=\/wp\/v2\/pages\/109"}],"collection":[{"href":"http:\/\/nowotny-immobilien.de\/index.php?rest_route=\/wp\/v2\/pages"}],"about":[{"href":"http:\/\/nowotny-immobilien.de\/index.php?rest_route=\/wp\/v2\/types\/page"}],"author":[{"embeddable":true,"href":"http:\/\/nowotny-immobilien.de\/index.php?rest_route=\/wp\/v2\/users\/1"}],"replies":[{"embeddable":true,"href":"http:\/\/nowotny-immobilien.de\/index.php?rest_route=%2Fwp%2Fv2%2Fcomments&post=109"}],"version-history":[{"count":12,"href":"http:\/\/nowotny-immobilien.de\/index.php?rest_route=\/wp\/v2\/pages\/109\/revisions"}],"predecessor-version":[{"id":397,"href":"http:\/\/nowotny-immobilien.de\/index.php?rest_route=\/wp\/v2\/pages\/109\/revisions\/397"}],"wp:attachment":[{"href":"http:\/\/nowotny-immobilien.de\/index.php?rest_route=%2Fwp%2Fv2%2Fmedia&parent=109"}],"curies":[{"name":"wp","href":"https:\/\/api.w.org\/{rel}","templated":true}]}}