{"id":267,"date":"2021-03-11T21:38:40","date_gmt":"2021-03-11T21:38:40","guid":{"rendered":"http:\/\/nowotny-immobilien.de\/?page_id=267"},"modified":"2021-08-10T15:33:20","modified_gmt":"2021-08-10T15:33:20","slug":"tippgeberprovision","status":"publish","type":"page","link":"http:\/\/nowotny-immobilien.de\/?page_id=267","title":{"rendered":"TIPPGEBERPROVISION"},"content":{"rendered":"\n<h1 class=\"headline headline--h1\">IHR WISSEN IST BARES GELD WERT! <\/h1>\n\n\n\n<h2 class=\"headline headline--h1\">WERDEN SIE IMMOBILIENTIPPGEBER <\/h2>\n\n\n\n<figure class=\"wp-block-image size-large\"><img loading=\"lazy\" width=\"2560\" height=\"1636\" src=\"http:\/\/nowotny-immobilien.de\/wp-content\/uploads\/2021\/07\/img_6440-scaled.jpg\" alt=\"\" class=\"wp-image-404\" srcset=\"http:\/\/nowotny-immobilien.de\/wp-content\/uploads\/2021\/07\/img_6440-scaled.jpg 2560w, http:\/\/nowotny-immobilien.de\/wp-content\/uploads\/2021\/07\/img_6440-300x192.jpg 300w, http:\/\/nowotny-immobilien.de\/wp-content\/uploads\/2021\/07\/img_6440-700x447.jpg 700w, http:\/\/nowotny-immobilien.de\/wp-content\/uploads\/2021\/07\/img_6440-768x491.jpg 768w, http:\/\/nowotny-immobilien.de\/wp-content\/uploads\/2021\/07\/img_6440-1536x981.jpg 1536w, http:\/\/nowotny-immobilien.de\/wp-content\/uploads\/2021\/07\/img_6440-2048x1309.jpg 2048w, http:\/\/nowotny-immobilien.de\/wp-content\/uploads\/2021\/07\/img_6440-600x383.jpg 600w\" sizes=\"(max-width: 2560px) 100vw, 2560px\" \/><\/figure>\n\n\n\n<p class=\"bodytext\">F\u00fcr eine Vielzahl von gelisteten Kaufinteressenten bin ich auf der Suche nach neuen Grundst\u00fccken, H\u00e4usern, Wohnungen oder auch Gewerbeimmobilien zum Kauf. Wenn Sie also einen Immobilieneigent\u00fcmer kennen, der die Absicht hat, seine Immobilie zu verkaufen oder zu vermieten, freue ich mich \u00fcber eine Information.<\/p>\n\n\n\n<p><strong>IHR WISSEN IST BARES GELD WERT! <\/strong><\/p>\n\n\n\n<p>F\u00fcr welche Tipps erhalten Sie eine Tippgeberprovision <\/p>\n\n\n\n<ul><li>Grundst\u00fccke, die verkauft werden sollen <\/li><li>Wohnung und H\u00e4user, die verkauft oder vermietet werden sollen<\/li><li>Gewerbefl\u00e4chen, die verkauft oder vermietet werden sollen. <\/li><\/ul>\n\n\n\n<p>Z\u00f6gern Sie nicht und RUFEN Sie mich an oder schreiben eine kurze E-Mail.<\/p>\n\n\n\n<p>Die Tippgeberprovision variiert je nach Auftrag und wird bei erfolgreicher Kauf- oder Mietvertragszeichnung verdient und f\u00e4llig. <\/p>\n","protected":false},"excerpt":{"rendered":"<p>IHR WISSEN IST BARES GELD WERT! WERDEN SIE IMMOBILIENTIPPGEBER F\u00fcr eine Vielzahl von gelisteten Kaufinteressenten bin ich auf der Suche nach neuen Grundst\u00fccken, H\u00e4usern, Wohnungen oder auch Gewerbeimmobilien zum Kauf. Wenn Sie also einen Immobilieneigent\u00fcmer kennen, der die Absicht hat, seine Immobilie zu verkaufen oder zu vermieten, freue ich mich \u00fcber eine Information. IHR WISSEN [&hellip;]<\/p>\n","protected":false},"author":2,"featured_media":0,"parent":0,"menu_order":0,"comment_status":"closed","ping_status":"closed","template":"","meta":[],"_links":{"self":[{"href":"http:\/\/nowotny-immobilien.de\/index.php?rest_route=\/wp\/v2\/pages\/267"}],"collection":[{"href":"http:\/\/nowotny-immobilien.de\/index.php?rest_route=\/wp\/v2\/pages"}],"about":[{"href":"http:\/\/nowotny-immobilien.de\/index.php?rest_route=\/wp\/v2\/types\/page"}],"author":[{"embeddable":true,"href":"http:\/\/nowotny-immobilien.de\/index.php?rest_route=\/wp\/v2\/users\/2"}],"replies":[{"embeddable":true,"href":"http:\/\/nowotny-immobilien.de\/index.php?rest_route=%2Fwp%2Fv2%2Fcomments&post=267"}],"version-history":[{"count":8,"href":"http:\/\/nowotny-immobilien.de\/index.php?rest_route=\/wp\/v2\/pages\/267\/revisions"}],"predecessor-version":[{"id":419,"href":"http:\/\/nowotny-immobilien.de\/index.php?rest_route=\/wp\/v2\/pages\/267\/revisions\/419"}],"wp:attachment":[{"href":"http:\/\/nowotny-immobilien.de\/index.php?rest_route=%2Fwp%2Fv2%2Fmedia&parent=267"}],"curies":[{"name":"wp","href":"https:\/\/api.w.org\/{rel}","templated":true}]}}