{"id":274,"date":"2021-03-12T18:04:59","date_gmt":"2021-03-12T18:04:59","guid":{"rendered":"http:\/\/nowotny-immobilien.de\/?page_id=274"},"modified":"2022-01-22T14:16:24","modified_gmt":"2022-01-22T14:16:24","slug":"energieausweis","status":"publish","type":"page","link":"http:\/\/nowotny-immobilien.de\/?page_id=274","title":{"rendered":"ENERGIEAUSWEIS"},"content":{"rendered":"\n<figure class=\"wp-block-image size-large\"><img loading=\"lazy\" width=\"780\" height=\"379\" src=\"http:\/\/nowotny-immobilien.de\/wp-content\/uploads\/2021\/03\/img_3990.jpg\" alt=\"\" class=\"wp-image-359\" srcset=\"http:\/\/nowotny-immobilien.de\/wp-content\/uploads\/2021\/03\/img_3990.jpg 780w, http:\/\/nowotny-immobilien.de\/wp-content\/uploads\/2021\/03\/img_3990-300x146.jpg 300w, http:\/\/nowotny-immobilien.de\/wp-content\/uploads\/2021\/03\/img_3990-700x340.jpg 700w, http:\/\/nowotny-immobilien.de\/wp-content\/uploads\/2021\/03\/img_3990-768x373.jpg 768w, http:\/\/nowotny-immobilien.de\/wp-content\/uploads\/2021\/03\/img_3990-600x292.jpg 600w\" sizes=\"(max-width: 780px) 100vw, 780px\" \/><figcaption>VERGLEICHSWERTE ENDENERGIE<\/figcaption><\/figure>\n\n\n\n<p id=\"block-0f0c1ae7-65d4-4bd6-88be-986191d8c9db\">Die Energieeinsparverordnung (EnEV) gilt seit dem 1. Mai 2014, dar\u00fcber hinaus gibt es seit dem 01.November 2020 das Geb\u00e4udeenergiegesetz (GEG) welche die EnEV in Teilen abgel\u00f6st hat. Die EnEV macht den Energieausweis f\u00fcr Gewerbe- und Wohngeb\u00e4ude jedoch verpflichtend. <\/p>\n\n\n\n<p id=\"block-0f0c1ae7-65d4-4bd6-88be-986191d8c9db\">Sie als K\u00e4ufer haben somit auch direkt bei der ersten Besichtigung bzw. mit \u00dcbersendung des Expos\u00e9s das Recht, eine Kopie des Energieausweises zu erhalten. Dieser existiert in in zwei verschiedenen Varianten, in Abh\u00e4ngigkeit des Geb\u00e4udes.<\/p>\n\n\n\n<p><strong>DER BEDARFSBASIERTE ENERGIEAUSWEIS<\/strong><\/p>\n\n\n\n<p>Dieser ist f\u00fcr Geb\u00e4ude mit bis zu vier Wohnungen vorgeschrieben, die mit einem Bauantrag vor dem 1. November 1977 errichtet wurden und deren Modernisierungen nicht zumindest auf die Anforderungen der ersten W\u00e4rmeschutzverordnung (WSVO) durchgef\u00fchrt wurden.<\/p>\n\n\n\n<p><strong>DER VERBRAUCHSBASIERTE ENERGIEAUSWEIS<\/strong><\/p>\n\n\n\n<p>Bei H\u00e4usern mit mehr als vier Wohnungen, bei neueren oder modernisierten Geb\u00e4uden ist auch der verbrauchsbasierte Energieausweis zul\u00e4ssig. Bevor wir Ihnen ein Objekt zum Kauf anbieten, sorgen wir daf\u00fcr, dass ein Energieausweis vorhanden ist, um sicherzustellen, dass Sie die Energiewerte Ihres Wunschhauses oder Ihrer Wunschwohnung bei Ihrer Kaufentscheidung ber\u00fccksichtigen k\u00f6nnen.<\/p>\n\n\n\n<p><strong>DER ENERGIEAUSWEIS F\u00dcR DIE VERK\u00c4UFERSEITE<\/strong><\/p>\n\n\n\n<p>Oft stehen Sie als Verk\u00e4ufer eine Immobilie vor der Frage, woher bekomme ich einen Energieausweis unkompliziert und was wird f\u00fcr den Energieausweis \u00fcberhaupt ben\u00f6tigt. <\/p>\n\n\n\n<p>Gern bin ich hierbei in meiner Funktion als Beauftragter Makler bei der Beschaffung des entsprechenden Energieausweises \u00fcber einen verl\u00e4ssliche Partner behilflich.<\/p>\n","protected":false},"excerpt":{"rendered":"<p>Die Energieeinsparverordnung (EnEV) gilt seit dem 1. Mai 2014, dar\u00fcber hinaus gibt es seit dem 01.November 2020 das Geb\u00e4udeenergiegesetz (GEG) welche die EnEV in Teilen abgel\u00f6st hat. Die EnEV macht den Energieausweis f\u00fcr Gewerbe- und Wohngeb\u00e4ude jedoch verpflichtend. Sie als K\u00e4ufer haben somit auch direkt bei der ersten Besichtigung bzw. mit \u00dcbersendung des Expos\u00e9s das [&hellip;]<\/p>\n","protected":false},"author":2,"featured_media":0,"parent":0,"menu_order":0,"comment_status":"closed","ping_status":"closed","template":"","meta":[],"_links":{"self":[{"href":"http:\/\/nowotny-immobilien.de\/index.php?rest_route=\/wp\/v2\/pages\/274"}],"collection":[{"href":"http:\/\/nowotny-immobilien.de\/index.php?rest_route=\/wp\/v2\/pages"}],"about":[{"href":"http:\/\/nowotny-immobilien.de\/index.php?rest_route=\/wp\/v2\/types\/page"}],"author":[{"embeddable":true,"href":"http:\/\/nowotny-immobilien.de\/index.php?rest_route=\/wp\/v2\/users\/2"}],"replies":[{"embeddable":true,"href":"http:\/\/nowotny-immobilien.de\/index.php?rest_route=%2Fwp%2Fv2%2Fcomments&post=274"}],"version-history":[{"count":11,"href":"http:\/\/nowotny-immobilien.de\/index.php?rest_route=\/wp\/v2\/pages\/274\/revisions"}],"predecessor-version":[{"id":476,"href":"http:\/\/nowotny-immobilien.de\/index.php?rest_route=\/wp\/v2\/pages\/274\/revisions\/476"}],"wp:attachment":[{"href":"http:\/\/nowotny-immobilien.de\/index.php?rest_route=%2Fwp%2Fv2%2Fmedia&parent=274"}],"curies":[{"name":"wp","href":"https:\/\/api.w.org\/{rel}","templated":true}]}}