{"id":312,"date":"2021-03-13T21:05:50","date_gmt":"2021-03-13T21:05:50","guid":{"rendered":"http:\/\/nowotny-immobilien.de\/?page_id=312"},"modified":"2021-07-30T11:22:38","modified_gmt":"2021-07-30T11:22:38","slug":"suchauftrag","status":"publish","type":"page","link":"http:\/\/nowotny-immobilien.de\/?page_id=312","title":{"rendered":"SUCHAUFTRAG"},"content":{"rendered":"\n<div class=\"wp-block-columns\">\n<div class=\"wp-block-column\" style=\"flex-basis:50%\">\n<h1 class=\"elementor-heading-title elementor-size-default\">ENDLICH ZU HAUSE? ICH BEGLEITE SIE IN IHR NEUES ZUHAUSE<\/h1>\n\n\n\n<h2 class=\"elementor-heading-title elementor-size-default\">Individuelle Objektsuche, die Ihren Suchkriterien entspricht<\/h2>\n\n\n\n<figure class=\"wp-block-image size-large\"><img loading=\"lazy\" width=\"2560\" height=\"1920\" src=\"http:\/\/nowotny-immobilien.de\/wp-content\/uploads\/2021\/07\/img_6439-scaled.jpg\" alt=\"\" class=\"wp-image-402\" srcset=\"http:\/\/nowotny-immobilien.de\/wp-content\/uploads\/2021\/07\/img_6439-scaled.jpg 2560w, http:\/\/nowotny-immobilien.de\/wp-content\/uploads\/2021\/07\/img_6439-300x225.jpg 300w, http:\/\/nowotny-immobilien.de\/wp-content\/uploads\/2021\/07\/img_6439-700x525.jpg 700w, http:\/\/nowotny-immobilien.de\/wp-content\/uploads\/2021\/07\/img_6439-768x576.jpg 768w, http:\/\/nowotny-immobilien.de\/wp-content\/uploads\/2021\/07\/img_6439-1536x1152.jpg 1536w, http:\/\/nowotny-immobilien.de\/wp-content\/uploads\/2021\/07\/img_6439-2048x1536.jpg 2048w, http:\/\/nowotny-immobilien.de\/wp-content\/uploads\/2021\/07\/img_6439-600x450.jpg 600w\" sizes=\"(max-width: 2560px) 100vw, 2560px\" \/><\/figure>\n\n\n\n<p>Schicken Sie mir Ihren individuellen Suchauftrag und ich finde die Immobilie, die optimal zu Ihren Anforderungen passt, einen Ort, an dem Sie sich ganz und gar zu Hause f\u00fchlen. Mit dem nachfolgenden Formular haben Sie die M\u00f6glichkeit, mir die wichtigsten Details zu Ihrem TRAUMHAUS oder Ihrer WUNSCHWOHNUNG zu \u00fcbersenden. Gern nehmen ich Sie in meine Suchkartei auf und lasse Ihnen ein Expos\u00e9 zukommen, sobald ein etwas Passendes f\u00fcr Sie gefunden habe &#8211; egal ob Miete oder Kauf! Senden Sie mir nachstehende Suchkriterien:<\/p>\n<\/div>\n\n\n\n<div class=\"wp-block-column\" style=\"flex-basis:50%\">\n<ul><li>Kontaktdaten: Vor- und Nachname, Wohnanschrift, E-Mail, Rufnummer<\/li><li>Art der Immobilie: Einfamilien-, Doppel- oder Reihenhaus, Baugrundst\u00fcck oder Wohnung<\/li><li>Erbbau von Interesse?<\/li><li>Finanzierungsvolumen: max. Kaufpreis zzgl. Kaufnebenkosten<\/li><li>Sachgebiet : Stadtteil\/Postleitzahl,  Umkreis<\/li><li>Mindestzimmeranzahl, Mindestwohnfl\u00e4che, Mindestgrundst\u00fccksfl\u00e4che<\/li><li>Ausstattung: Keller? G\u00e4ste-WC? Garage\/Carport? <\/li><li>Liegt bereits eine Finanzierungszusage vor?<\/li><\/ul>\n\n\n\n<p><\/p>\n<\/div>\n<\/div>\n\n\n\n<p>Ich freue mich auf Ihre <a href=\"Ausstattungsmerkmale: Anzahl Zimmer, Wohnfl\u00e4che, Grundst\u00fccksfl\u00e4che\">E-Mail<\/a> oder Ihren <a href=\"Ausstattungsmerkmale: Anzahl Zimmer, Wohnfl\u00e4che, Grundst\u00fccksfl\u00e4che\">Anruf<\/a><\/p>\n","protected":false},"excerpt":{"rendered":"<p>ENDLICH ZU HAUSE? ICH BEGLEITE SIE IN IHR NEUES ZUHAUSE Individuelle Objektsuche, die Ihren Suchkriterien entspricht Schicken Sie mir Ihren individuellen Suchauftrag und ich finde die Immobilie, die optimal zu Ihren Anforderungen passt, einen Ort, an dem Sie sich ganz und gar zu Hause f\u00fchlen. Mit dem nachfolgenden Formular haben Sie die M\u00f6glichkeit, mir die [&hellip;]<\/p>\n","protected":false},"author":2,"featured_media":0,"parent":0,"menu_order":0,"comment_status":"closed","ping_status":"closed","template":"","meta":[],"_links":{"self":[{"href":"http:\/\/nowotny-immobilien.de\/index.php?rest_route=\/wp\/v2\/pages\/312"}],"collection":[{"href":"http:\/\/nowotny-immobilien.de\/index.php?rest_route=\/wp\/v2\/pages"}],"about":[{"href":"http:\/\/nowotny-immobilien.de\/index.php?rest_route=\/wp\/v2\/types\/page"}],"author":[{"embeddable":true,"href":"http:\/\/nowotny-immobilien.de\/index.php?rest_route=\/wp\/v2\/users\/2"}],"replies":[{"embeddable":true,"href":"http:\/\/nowotny-immobilien.de\/index.php?rest_route=%2Fwp%2Fv2%2Fcomments&post=312"}],"version-history":[{"count":10,"href":"http:\/\/nowotny-immobilien.de\/index.php?rest_route=\/wp\/v2\/pages\/312\/revisions"}],"predecessor-version":[{"id":403,"href":"http:\/\/nowotny-immobilien.de\/index.php?rest_route=\/wp\/v2\/pages\/312\/revisions\/403"}],"wp:attachment":[{"href":"http:\/\/nowotny-immobilien.de\/index.php?rest_route=%2Fwp%2Fv2%2Fmedia&parent=312"}],"curies":[{"name":"wp","href":"https:\/\/api.w.org\/{rel}","templated":true}]}}