{"id":54,"date":"2018-06-03T11:45:23","date_gmt":"2018-06-03T11:45:23","guid":{"rendered":"http:\/\/nowotny-immobilien.de\/?page_id=54"},"modified":"2023-06-21T13:11:36","modified_gmt":"2023-06-21T13:11:36","slug":"ueber-mich","status":"publish","type":"page","link":"http:\/\/nowotny-immobilien.de\/","title":{"rendered":"\u00dcBER UNS"},"content":{"rendered":"<p class=\"s3\"><span class=\"s4\"><span class=\"bumpedFont15\"><strong>SCH\u00d6N, DASS SIE GERADE DIESE HOMEPAGE BESUCHEN.<\/strong><\/span><\/span><\/p>\n<p>Mein Name ist <strong>YANNIC NOWOTNY.<\/strong><\/p>\n<p class=\"s3\"><span class=\"bumpedFont15\"><span class=\"s4\">Seit 2014 bin ich <\/span><\/span><span class=\"bumpedFont15\"><span class=\"s4\"><strong>NEBENBERUFLICH <\/strong><\/span><\/span><span class=\"bumpedFont15\"><span class=\"s4\">als <\/span><\/span><span class=\"bumpedFont15\"><span class=\"s4\"><strong>IMMOBILIENMAKLER<\/strong><\/span><\/span><span class=\"bumpedFont15\"><span class=\"s4\"> in <\/span><\/span><span class=\"bumpedFont15\"><span class=\"s4\">meiner Geburtsstadt Hamburg und im <\/span><\/span><span class=\"bumpedFont15\"><span class=\"s4\">Umkreis t\u00e4tig. Eine besonders individuelle Unterst\u00fctzung meiner Kunden hat f\u00fcr mich oberste Priorit\u00e4t. <\/span><\/span><\/p>\n<p class=\"s3\"><span class=\"s4\"><span class=\"bumpedFont15\">Als Immobilienfachwirt liegen meine Schwerpunkte <\/span><\/span><span class=\"s4\"><span class=\"bumpedFont15\">im<\/span><\/span> <span class=\"bumpedFont15\"><span class=\"s5\"><strong>VERKAUF<\/strong><\/span><\/span><span class=\"bumpedFont15\"><span class=\"s5\">, der <\/span><\/span><strong>VERMARKTUNG<\/strong> <span class=\"bumpedFont15\"><span class=\"s4\">und der <\/span><\/span><span class=\"bumpedFont15\"><span class=\"s5\"><strong>VERMIETUNG<\/strong><\/span><\/span><span class=\"bumpedFont15\"><span class=\"s4\"> von <\/span><\/span><span class=\"bumpedFont15\"><span class=\"s4\"><strong>H\u00c4USERN<\/strong><\/span><\/span><span class=\"bumpedFont15\"><span class=\"s4\">, <\/span><\/span><span class=\"bumpedFont15\"><span class=\"s4\"><strong>WOHNUNGEN<\/strong><\/span><\/span><span class=\"bumpedFont15\"><span class=\"s4\">, <\/span><\/span><strong>GRUNDST\u00dcCKE<span class=\"bumpedFont15\"><span class=\"s4\">N<\/span><\/span><\/strong><span class=\"s4\"><span class=\"bumpedFont15\"> und <\/span><\/span><span class=\"s4\"><span class=\"bumpedFont15\">auch <\/span><\/span><span class=\"s4\"><span class=\"bumpedFont15\"><strong>GEWERBEEINHEITEN<\/strong><\/span><\/span><span class=\"s4\"><span class=\"bumpedFont15\">.<\/span><\/span><\/p>\n<p class=\"s3\"><span class=\"bumpedFont15\"><span class=\"s4\">Ich verstehe mich nicht nur als <\/span><\/span><span class=\"bumpedFont15\"><span class=\"s5\"><strong>IMMOBILIENMAKLER<\/strong><\/span><\/span><span class=\"bumpedFont15\"><span class=\"s4\">, sondern <\/span><\/span><span class=\"bumpedFont15\"><span class=\"s4\">vor allem <\/span><\/span><span class=\"bumpedFont15\"><span class=\"s4\">als <\/span><\/span><span class=\"bumpedFont15\"><span class=\"s4\">Ihr <\/span><\/span><span class=\"bumpedFont15\"><span class=\"s4\"><strong>PARTNER<\/strong><\/span><\/span><span class=\"bumpedFont15\"><span class=\"s4\">. <\/span><\/span><span class=\"bumpedFont15\"><span class=\"s4\"><br \/>\n<\/span><\/span><span class=\"bumpedFont15\"><span class=\"s4\">Zusammen mit meinen<\/span><\/span><span class=\"bumpedFont15\"><span class=\"s4\"> Kooperationspartnern<\/span><\/span><span class=\"bumpedFont15\"><span class=\"s4\"> biete ich Ihnen <\/span><\/span><span class=\"bumpedFont15\"><span class=\"s4\">einen umfassenden und flexiblen Service an; angefangen bei einer individuellen Kundenbetreuung, professionelle<\/span><\/span><span class=\"bumpedFont15\"><span class=\"s4\">r&nbsp;<\/span><\/span><span class=\"bumpedFont15\"><span class=\"s4\">Verkaufsstrategie und der Abwicklung aller Formalit\u00e4ten<\/span><\/span><span class=\"bumpedFont15\"><span class=\"s4\"> &#8211;<\/span><\/span><span class=\"bumpedFont15\"><span class=\"s4\"> bis hin zu Immobilienbewer<\/span><\/span><span class=\"bumpedFont15\"><span class=\"s4\">tungen und Unterst\u00fctzung bei Ihrer <\/span><\/span><span class=\"bumpedFont15\"><span class=\"s4\">Finanzierung. <\/span><\/span><\/p>\n<p class=\"s3\"><span class=\"s4\"><span class=\"bumpedFont15\">Mein Netzwerk umfasst <\/span><\/span><span class=\"s4\"><span class=\"bumpedFont15\">bei Bedarf <\/span><\/span><span class=\"s4\"><span class=\"bumpedFont15\">au\u00dferdem zahlreiche Handwerker, Bauingenieure, Sachverst\u00e4ndige, Notare, Banken und Marketing-Experten.<\/span><\/span><\/p>\n<p class=\"s3\"><span class=\"s4\"><span class=\"bumpedFont15\">Haben Sie Fragen? <\/span><\/span><\/p>\n<p class=\"s3\"><span class=\"s4\"><span class=\"bumpedFont15\">Ich beantworte <\/span><\/span><span class=\"s4\"><span class=\"bumpedFont15\">diese<\/span><\/span> <span class=\"s4\"><span class=\"bumpedFont15\">sehr <\/span><\/span><span class=\"s4\"><span class=\"bumpedFont15\">gern in einem <\/span><\/span><strong>PERS\u00d6NLICHEN<span class=\"s4\"><span class=\"bumpedFont15\"> GESPR\u00c4CH.<\/span><\/span><\/strong><\/p>\n<p class=\"s3\"><span class=\"bumpedFont15\"><span class=\"s4\">S<\/span><\/span><span class=\"bumpedFont15\"><span class=\"s4\">ie erreichen mich unter&nbsp;der Telefonnummer&nbsp;<\/span><\/span><span class=\"bumpedFont15\"><span class=\"s6\"><a href=\"tel:+49%C2%A0157%20726%20299%2058\">+49&nbsp;157 72 62 99 58<\/a><\/span><\/span><span class=\"bumpedFont15\"><span class=\"s4\">&nbsp;<\/span><\/span><span class=\"bumpedFont15\"><span class=\"s4\"><br \/>\n<\/span><\/span><span class=\"bumpedFont15\"><span class=\"s4\">oder mit einer E-Mail an <\/span><\/span><span class=\"bumpedFont15\"><span class=\"s6\"><a href=\"mailto:info@nowotny-immobilien.de\">info@nowotny-immobilien.de<\/a><\/span><\/span><\/p>\n<p class=\"s3\"><span class=\"s4\"><span class=\"bumpedFont15\">Ich freue mich auf Ihre Anfragen<\/span><\/span><span class=\"s4\"><span class=\"bumpedFont15\"> und hoffe, Sie pers\u00f6nlich <\/span><\/span><span class=\"s4\"><span class=\"bumpedFont15\">davon <\/span><\/span><span class=\"s4\"><span class=\"bumpedFont15\">zu \u00fcberzeugen,&nbsp;<\/span><\/span><span class=\"s4\"><span class=\"bumpedFont15\">was bei mir einfach anders ist<\/span><\/span><span class=\"s4\"><span class=\"bumpedFont15\">.<\/span><\/span><\/p>\n<p>Herzliche Gr\u00fc\u00dfe<\/p>\n<p><strong>Ihr YANNIC NOWOTNY<\/strong><\/p>\n<p><img loading=\"lazy\" src=\"http:\/\/nowotny-immobilien.de\/wp-content\/uploads\/2023\/06\/yannic_nowotny_3_outlook-1.jpg\" class=\"size-full wp-image-598\" width=\"1100\" height=\"1100\" srcset=\"http:\/\/nowotny-immobilien.de\/wp-content\/uploads\/2023\/06\/yannic_nowotny_3_outlook-1.jpg 1100w, http:\/\/nowotny-immobilien.de\/wp-content\/uploads\/2023\/06\/yannic_nowotny_3_outlook-1-300x300.jpg 300w, http:\/\/nowotny-immobilien.de\/wp-content\/uploads\/2023\/06\/yannic_nowotny_3_outlook-1-700x700.jpg 700w, http:\/\/nowotny-immobilien.de\/wp-content\/uploads\/2023\/06\/yannic_nowotny_3_outlook-1-150x150.jpg 150w, http:\/\/nowotny-immobilien.de\/wp-content\/uploads\/2023\/06\/yannic_nowotny_3_outlook-1-768x768.jpg 768w, http:\/\/nowotny-immobilien.de\/wp-content\/uploads\/2023\/06\/yannic_nowotny_3_outlook-1-600x600.jpg 600w\" sizes=\"(max-width: 1100px) 100vw, 1100px\" \/><\/p>\n<p><!--more--><\/p>\n<p><!--more--><\/p>\n<p><i>Bitte haben Sie Verst\u00e4ndnis daf\u00fcr, dass Sie mich bevorzugt wochentags von ca. 7:00 bis 8:30 Uhr bzw. ca. 18:00 bis 22:00 Uhr sowie samstags und sonntags gern ganzt\u00e4gig pers\u00f6nlich erreichen bzw. auch erst dann eine Antwort auf Ihre E-Mail von mir erhalten.<\/i><\/p>\n","protected":false},"excerpt":{"rendered":"<p>SCH\u00d6N, DASS SIE GERADE DIESE HOMEPAGE BESUCHEN. Mein Name ist YANNIC NOWOTNY. Seit 2014 bin ich NEBENBERUFLICH als IMMOBILIENMAKLER in meiner Geburtsstadt Hamburg und im Umkreis t\u00e4tig. Eine besonders individuelle Unterst\u00fctzung meiner Kunden hat f\u00fcr mich oberste Priorit\u00e4t. Als Immobilienfachwirt liegen meine Schwerpunkte im VERKAUF, der VERMARKTUNG und der VERMIETUNG von H\u00c4USERN, WOHNUNGEN, GRUNDST\u00dcCKEN und [&hellip;]<\/p>\n","protected":false},"author":1,"featured_media":0,"parent":0,"menu_order":0,"comment_status":"closed","ping_status":"closed","template":"","meta":[],"_links":{"self":[{"href":"http:\/\/nowotny-immobilien.de\/index.php?rest_route=\/wp\/v2\/pages\/54"}],"collection":[{"href":"http:\/\/nowotny-immobilien.de\/index.php?rest_route=\/wp\/v2\/pages"}],"about":[{"href":"http:\/\/nowotny-immobilien.de\/index.php?rest_route=\/wp\/v2\/types\/page"}],"author":[{"embeddable":true,"href":"http:\/\/nowotny-immobilien.de\/index.php?rest_route=\/wp\/v2\/users\/1"}],"replies":[{"embeddable":true,"href":"http:\/\/nowotny-immobilien.de\/index.php?rest_route=%2Fwp%2Fv2%2Fcomments&post=54"}],"version-history":[{"count":43,"href":"http:\/\/nowotny-immobilien.de\/index.php?rest_route=\/wp\/v2\/pages\/54\/revisions"}],"predecessor-version":[{"id":599,"href":"http:\/\/nowotny-immobilien.de\/index.php?rest_route=\/wp\/v2\/pages\/54\/revisions\/599"}],"wp:attachment":[{"href":"http:\/\/nowotny-immobilien.de\/index.php?rest_route=%2Fwp%2Fv2%2Fmedia&parent=54"}],"curies":[{"name":"wp","href":"https:\/\/api.w.org\/{rel}","templated":true}]}}