{"id":57,"date":"2018-06-03T11:45:31","date_gmt":"2018-06-03T11:45:31","guid":{"rendered":"http:\/\/nowotny-immobilien.de\/?page_id=57"},"modified":"2021-07-30T20:25:17","modified_gmt":"2021-07-30T20:25:17","slug":"leistungen","status":"publish","type":"page","link":"http:\/\/nowotny-immobilien.de\/?page_id=57","title":{"rendered":"DIENSTLEISTUNGEN"},"content":{"rendered":"<p><img loading=\"lazy\" src=\"http:\/\/nowotny-immobilien.de\/wp-content\/uploads\/2021\/07\/img_6461-1-1-scaled.jpg\" class=\"size-full\" width=\"2560\" height=\"2245\"><\/p>\n<h1>VERKAUF UND <strong>VERMIETUNG<\/strong> VON <strong>EIGENTUMSWOHNUNGEN<\/strong>, H\u00c4USERN, <strong>GRUNDST\u00dcCKE<\/strong>N UND GEWERBEOBJEKTEN IN HAMBURG UND <strong>UMGEBUNG<\/strong>.<\/h1>\n<p class=\"s3\"><span class=\"s5\"><span class=\"bumpedFont15\">Im Rahmen meiner T\u00e4tigkeiten, biete ich Ihnen folgende <\/span><\/span><span class=\"s5\"><span class=\"bumpedFont15\"><strong>DIENSTLEISTUNGEN<\/strong><\/span><\/span><span class=\"s5\"><span class=\"bumpedFont15\"> zuverl\u00e4ssig an.<\/span><\/span><\/p>\n<p class=\"s3\"><span class=\"s4\"><span class=\"bumpedFont15\">&nbsp;<\/span><\/span><\/p>\n<h2><span class=\"s7\"><span class=\"bumpedFont15\">VERKAUF<\/span><\/span> <span class=\"s4\"><span class=\"bumpedFont15\"><br \/>\n<\/span><\/span><span class=\"s4\"><span class=\"bumpedFont15\">von<\/span><\/span><\/h2>\n<div class=\"s9\"><span class=\"s8\">\u2022 <\/span><span class=\"s5\"><span class=\"bumpedFont15\">Eigentumswohnungen<\/span><\/span><\/div>\n<div class=\"s9\"><span class=\"s8\">\u2022 <\/span><span class=\"s5\"><span class=\"bumpedFont15\">Einfamilienh\u00e4usern<\/span><\/span><\/div>\n<div class=\"s9\"><span class=\"s8\">\u2022 <\/span><span class=\"s5\"><span class=\"bumpedFont15\">Doppelhaush\u00e4lften<\/span><\/span><\/div>\n<div class=\"s9\"><span class=\"s8\">\u2022 <\/span><span class=\"s5\"><span class=\"bumpedFont15\">Mehrfamilienh\u00e4usern<\/span><\/span><\/div>\n<div class=\"s9\"><span class=\"s8\">\u2022 <\/span><span class=\"s5\"><span class=\"bumpedFont15\">Grundst\u00fccken und<\/span><\/span><\/div>\n<div class=\"s9\"><span class=\"s8\">\u2022 <\/span><span class=\"s5\"><span class=\"bumpedFont15\">Gewerbeobjekten<\/span><\/span><\/div>\n<h3><span class=\"s4\"><span class=\"bumpedFont15\">Hierbei geh\u00f6ren fo<\/span><\/span><span class=\"s4\"><span class=\"bumpedFont15\">lgende MAKLERT\u00c4TIGKEITEN zu mein<\/span><\/span><span class=\"s4\"><span class=\"bumpedFont15\">en DIENSTLEISTUNGEN:<\/span><\/span><\/h3>\n<div class=\"s9\"><span class=\"s8\">\u2022 <\/span><span class=\"s4\"><span class=\"bumpedFont15\">Marktanalyse und Ermittlung des Verkehrswertes f\u00fcr die Immobilie, Wohnung und <\/span><\/span>Grundst\u00fcck<span class=\"s4\"><span class=\"bumpedFont15\">e.<\/span><\/span><\/div>\n<div class=\"s9\"><span class=\"s8\">\u2022 <\/span><span class=\"s4\"><span class=\"bumpedFont15\">Gemeinsame Abstimmung und Festsetzung des V<\/span><\/span><span class=\"s4\"><span class=\"bumpedFont15\">erkaufspreises.<\/span><\/span><\/div>\n<div class=\"s9\"><span class=\"s8\">\u2022 <\/span><span class=\"s4\"><span class=\"bumpedFont15\">Erstellung bzw. Zusammenfassung der ben\u00f6tigten Verkaufsunterlagen und eines Expos\u00e9s.<\/span><\/span><\/div>\n<div><span class=\"s8\">\u2022 <\/span>Organisation<span class=\"s4\"><span class=\"bumpedFont15\"> des Energieausweises \u00fcber einen <\/span><\/span>externe<span class=\"s4\"><span class=\"bumpedFont15\">n Dienstleister.<\/span><\/span><\/div>\n<div class=\"s9\"><span class=\"s8\">\u2022 <\/span><span class=\"s4\"><span class=\"bumpedFont15\">Aufnahme <\/span><\/span>vo<span class=\"s4\"><span class=\"bumpedFont15\">n <\/span><\/span>ad\u00e4quaten<span class=\"s4\"><span class=\"bumpedFont15\"> Objektfotos.<\/span><\/span><\/div>\n<div class=\"s9\"><span class=\"s8\">\u2022 <\/span><span class=\"s4\"><span class=\"bumpedFont15\">Vermarktung und Anno<\/span><\/span><span class=\"s4\"><span class=\"bumpedFont15\">nce der Immobilie auf verschiedenen Plattformen.<\/span><\/span><\/div>\n<div class=\"s9\"><span class=\"s8\">\u2022 <\/span><span class=\"s4\"><span class=\"bumpedFont15\">Selektion von potenziellen Kaufinteressenten.<\/span><\/span><\/div>\n<div class=\"s9\"><span class=\"s8\">\u2022 <\/span><span class=\"s4\"><span class=\"bumpedFont15\">Durchf\u00fchrung der Besichtigungen.<\/span><\/span><\/div>\n<div class=\"s9\"><span class=\"s8\">\u2022 <\/span><span class=\"s4\"><span class=\"bumpedFont15\">Koordination der Kaufvertragsverhandlungen mit den Interessenten.<\/span><\/span><\/div>\n<div class=\"s9\"><span class=\"s8\">\u2022 <\/span><span class=\"s4\"><span class=\"bumpedFont15\">Vorbereitung\/Abwicklung des Kaufvertrages \u00fcber ein Notariat.<\/span><\/span><\/div>\n<div class=\"s9\"><span class=\"s8\">\u2022 <\/span><span class=\"s4\"><span class=\"bumpedFont15\">\u00dcbergabe der Immobilie inkl. \u00dcbergabeprotokoll<\/span><\/span><\/div>\n<p class=\"s3\"><span class=\"bumpedFont15\"><span class=\"s10\">Die PROVISION i.H.v. insgesamt&nbsp;<\/span><\/span><span class=\"bumpedFont15\"><span class=\"s11\">6,25 % (inkl. MwSt<\/span><\/span><span class=\"bumpedFont15\"><span class=\"s10\">.) des Verkaufspreises, liegt <\/span><\/span><span class=\"bumpedFont15\"><span class=\"s10\">jeweils zu H\u00e4lfte, d.h. 3,125 % (inkl. MwSt.) bei<\/span><\/span><span class=\"bumpedFont15\"><span class=\"s10\"> der K\u00e4ufer- und Verk\u00e4uferseite.<\/span><\/span><\/p>\n<p class=\"s3\"><span class=\"s4\"><span class=\"bumpedFont15\">&nbsp;<\/span><\/span><\/p>\n<h2><span class=\"bumpedFont15\"><span class=\"s7\"><span style=\"\">VERMIETUNG<\/span><\/span><\/span><span class=\"bumpedFont15\"><span class=\"s7\"><br \/>\n<\/span><\/span><span class=\"bumpedFont15\"><span class=\"s4\">von<\/span><\/span><\/h2>\n<div class=\"s9\"><span class=\"s8\">\u2022 <\/span><span class=\"s5\"><span class=\"bumpedFont15\">Wohnungen<\/span><\/span><\/div>\n<div class=\"s9\"><span class=\"s8\">\u2022 <\/span><span class=\"s5\"><span class=\"bumpedFont15\">H\u00e4usern<\/span><\/span><\/div>\n<div class=\"s9\"><span class=\"s8\">\u2022 <\/span><span class=\"s5\"><span class=\"bumpedFont15\">Gewerbeeinheiten und<\/span><\/span><\/div>\n<div class=\"s9\"><span class=\"s8\">\u2022 <\/span><span class=\"s5\"><span class=\"bumpedFont15\">Neubauprojekten<\/span><\/span><\/div>\n<p class=\"s3\"><span class=\"bumpedFont15\"><span class=\"s4\">Im Rahmen der <\/span><\/span><span class=\"bumpedFont15\"><span class=\"s12\">Vermietung<\/span><\/span><span class=\"bumpedFont15\"><span class=\"s4\">&nbsp;biete ich Ihnen folgende Dienstleistungen (pauschalisiert) an:<\/span><\/span><\/p>\n<div class=\"s9\"><span class=\"s8\">\u2022 <\/span><span class=\"s4\"><span class=\"bumpedFont15\">Mietpreiseinsch\u00e4tzung gem. Mietenspiegel bzw. Vergleichswohnungen<\/span><\/span><span class=\"s4\"><span class=\"bumpedFont15\"> d<\/span><\/span><span class=\"s4\"><span class=\"bumpedFont15\">es<\/span><\/span> <span class=\"s4\"><span class=\"bumpedFont15\">Mietobjektes<\/span><\/span><\/div>\n<div class=\"s9\"><span class=\"s8\">\u2022 <\/span><span class=\"s4\"><span class=\"bumpedFont15\">Wohnung bzw. Immobilie annoncieren\/vermarkten<\/span><\/span><\/div>\n<div class=\"s9\"><span class=\"s8\">\u2022 <\/span><span class=\"s4\"><span class=\"bumpedFont15\">Selbstauskunft des Mieters einholen (u.a. Bonit\u00e4tspr\u00fcfung\/ Schufa, Gehaltsabrechnungen, B\u00fcrgschaft, Vorvermieterbescheinigung, Gewerbe: Wirtschaftsplan)<\/span><\/span><\/div>\n<div class=\"s9\"><span class=\"s8\">\u2022 <\/span><span class=\"s4\"><span class=\"bumpedFont15\">passenden Mietinter<\/span><\/span><span class=\"s4\"><span class=\"bumpedFont15\">e<\/span><\/span><span class=\"s4\"><span class=\"bumpedFont15\">ssenten ausw\u00e4hlen<\/span><\/span><\/div>\n<div class=\"s9\"><span class=\"s8\">\u2022 <\/span><span class=\"s4\"><span class=\"bumpedFont15\">Mietvertrag (Hamburger Mietve<\/span><\/span><span class=\"s4\"><span class=\"bumpedFont15\">r<\/span><\/span><span class=\"s4\"><span class=\"bumpedFont15\">trag) zur Unterschrift bringen und durch alle Vertra<\/span><\/span><span class=\"s4\"><span class=\"bumpedFont15\">g<\/span><\/span><span class=\"s4\"><span class=\"bumpedFont15\">sparteien unterschreiben lassen<\/span><\/span><\/div>\n<div class=\"s9\"><span class=\"s8\">\u2022 <\/span><span class=\"s4\"><span class=\"bumpedFont15\">Kaution beantragen<\/span><\/span><\/div>\n<div class=\"s9\"><span class=\"s8\">\u2022 <\/span><span class=\"bumpedFont15\"><span class=\"s13\">Bei Bedarf:<\/span><\/span><span class=\"bumpedFont15\"><span class=\"s4\"> Erstellung einer M\u00e4ngelliste und Bestandsaufnahme der gek\u00fcndigten Einheit (Fotodokumentation) bis zur Wohnungs\u00fcbergabe<\/span><\/span><\/div>\n<div><\/div>\n<div class=\"s9\">\n<h3><span class=\"s10\"><span class=\"bumpedFont15\">Die COURTAGE wird im Rahmen des Maklervertrages fest vereinbart und obliegt beim Besteller.&nbsp;<\/span><\/span><\/h3>\n<\/div>\n<p class=\"s3\"><span class=\"s4\"><span class=\"bumpedFont15\">&nbsp;<\/span><\/span><\/p>\n<h1><span class=\"s4\"><span class=\"bumpedFont15\">ICH FREUE MICH AUF IHRE <\/span><\/span><strong>KONTAKTAUFNAHME<\/strong><span class=\"s4\"><span class=\"bumpedFont15\">.<\/span><\/span><\/h1>\n<p class=\"s3\"><span class=\"s4\"><span class=\"bumpedFont15\">&nbsp;<\/span><\/span><\/p>\n<p class=\"s3\"><span class=\"s4\"><span class=\"bumpedFont15\">&nbsp;<\/span><\/span><\/p>\n","protected":false},"excerpt":{"rendered":"<p>VERKAUF UND VERMIETUNG VON EIGENTUMSWOHNUNGEN, H\u00c4USERN, GRUNDST\u00dcCKEN UND GEWERBEOBJEKTEN IN HAMBURG UND UMGEBUNG. Im Rahmen meiner T\u00e4tigkeiten, biete ich Ihnen folgende DIENSTLEISTUNGEN zuverl\u00e4ssig an. &nbsp; VERKAUF von \u2022 Eigentumswohnungen \u2022 Einfamilienh\u00e4usern \u2022 Doppelhaush\u00e4lften \u2022 Mehrfamilienh\u00e4usern \u2022 Grundst\u00fccken und \u2022 Gewerbeobjekten Hierbei geh\u00f6ren folgende MAKLERT\u00c4TIGKEITEN zu meinen DIENSTLEISTUNGEN: \u2022 Marktanalyse und Ermittlung des Verkehrswertes f\u00fcr die [&hellip;]<\/p>\n","protected":false},"author":1,"featured_media":0,"parent":0,"menu_order":0,"comment_status":"closed","ping_status":"closed","template":"","meta":[],"_links":{"self":[{"href":"http:\/\/nowotny-immobilien.de\/index.php?rest_route=\/wp\/v2\/pages\/57"}],"collection":[{"href":"http:\/\/nowotny-immobilien.de\/index.php?rest_route=\/wp\/v2\/pages"}],"about":[{"href":"http:\/\/nowotny-immobilien.de\/index.php?rest_route=\/wp\/v2\/types\/page"}],"author":[{"embeddable":true,"href":"http:\/\/nowotny-immobilien.de\/index.php?rest_route=\/wp\/v2\/users\/1"}],"replies":[{"embeddable":true,"href":"http:\/\/nowotny-immobilien.de\/index.php?rest_route=%2Fwp%2Fv2%2Fcomments&post=57"}],"version-history":[{"count":43,"href":"http:\/\/nowotny-immobilien.de\/index.php?rest_route=\/wp\/v2\/pages\/57\/revisions"}],"predecessor-version":[{"id":413,"href":"http:\/\/nowotny-immobilien.de\/index.php?rest_route=\/wp\/v2\/pages\/57\/revisions\/413"}],"wp:attachment":[{"href":"http:\/\/nowotny-immobilien.de\/index.php?rest_route=%2Fwp%2Fv2%2Fmedia&parent=57"}],"curies":[{"name":"wp","href":"https:\/\/api.w.org\/{rel}","templated":true}]}}